{"id":74,"date":"2025-07-17T17:58:03","date_gmt":"2025-07-17T17:58:03","guid":{"rendered":"https:\/\/lascommunication.com\/?page_id=74"},"modified":"2025-07-26T11:16:34","modified_gmt":"2025-07-26T11:16:34","slug":"contact-creation-site-internet","status":"publish","type":"page","link":"https:\/\/lascommunication.com\/index.php\/contact-creation-site-internet\/","title":{"rendered":"Contact"},"content":{"rendered":"<p>[et_pb_section fb_built=\u00a0\u00bb1&Prime; _builder_version=\u00a0\u00bb4.27.4&Prime; _module_preset=\u00a0\u00bbdefault\u00a0\u00bb global_colors_info=\u00a0\u00bb{}\u00a0\u00bb][et_pb_row _builder_version=\u00a0\u00bb4.27.4&Prime; _module_preset=\u00a0\u00bbdefault\u00a0\u00bb global_colors_info=\u00a0\u00bb{}\u00a0\u00bb][et_pb_column type=\u00a0\u00bb4_4&Prime; _builder_version=\u00a0\u00bb4.27.4&Prime; _module_preset=\u00a0\u00bbdefault\u00a0\u00bb global_colors_info=\u00a0\u00bb{}\u00a0\u00bb][et_pb_text _builder_version=\u00a0\u00bb4.27.4&Prime; _module_preset=\u00a0\u00bbdefault\u00a0\u00bb global_colors_info=\u00a0\u00bb{}\u00a0\u00bb]<\/p>\n<h1 style=\"text-align: center;\"><span data-slate-fragment=\"JTVCJTdCJTIydHlwZSUyMiUzQSUyMnAlMjIlMkMlMjJjaGlsZHJlbiUyMiUzQSU1QiU3QiUyMnRleHQlMjIlM0ElMjJDb250YWN0ZXotbm91cyUyMGQlQzMlQThzJTIwYXVqb3VyZCdodWklMjBwb3VyJTIwZG9ubmVyJTIwdmllJTIwJUMzJUEwJTIwdm90cmUlMjBwciVDMyVBOXNlbmNlJTIwZW4lMjBsaWduZS4lMjBFbnNlbWJsZSUyQyUyMGNyJUMzJUE5b25zJTIwbGUlMjBzaXRlJTIwaW50ZXJuZXQlMjBxdWklMjB2b3VzJTIwcmVzc2VtYmxlJTIwdnJhaW1lbnQuJTIyJTJDJTIyaXRhbGljJTIyJTNBdHJ1ZSU3RCU1RCU3RCU1RA==\">Ensemble, cr\u00e9ons votre identit\u00e9 digitale, celle qui vous ressemble vraiment.<\/span><\/h1>\n<h1 style=\"text-align: center;\"><span data-slate-fragment=\"JTVCJTdCJTIydHlwZSUyMiUzQSUyMnAlMjIlMkMlMjJjaGlsZHJlbiUyMiUzQSU1QiU3QiUyMnRleHQlMjIlM0ElMjJDb250YWN0ZXotbm91cyUyMGQlQzMlQThzJTIwYXVqb3VyZCdodWklMjBwb3VyJTIwZG9ubmVyJTIwdmllJTIwJUMzJUEwJTIwdm90cmUlMjBwciVDMyVBOXNlbmNlJTIwZW4lMjBsaWduZS4lMjBFbnNlbWJsZSUyQyUyMGNyJUMzJUE5b25zJTIwbGUlMjBzaXRlJTIwaW50ZXJuZXQlMjBxdWklMjB2b3VzJTIwcmVzc2VtYmxlJTIwdnJhaW1lbnQuJTIyJTJDJTIyaXRhbGljJTIyJTNBdHJ1ZSU3RCU1RCU3RCU1RA==\">Contactez-moi d\u00e8s aujourd&rsquo;hui pour donner vie \u00e0 votre pr\u00e9sence en ligne.\u00a0<\/span><\/h1>\n<p>[\/et_pb_text][et_pb_contact_form _builder_version=\u00a0\u00bb4.27.4&Prime; _module_preset=\u00a0\u00bbdefault\u00a0\u00bb _unique_id=\u00a0\u00bbc9693935-5db8-4b02-b8ff-af9f4567ab07&Prime; global_colors_info=\u00a0\u00bb{}\u00a0\u00bb][et_pb_contact_field field_id=\u00a0\u00bbName\u00a0\u00bb field_title=\u00a0\u00bbNom\u00a0\u00bb _builder_version=\u00a0\u00bb4.16&Prime; global_colors_info=\u00a0\u00bb{}\u00a0\u00bb button_text_size__hover_enabled=\u00a0\u00bboff\u00a0\u00bb button_one_text_size__hover_enabled=\u00a0\u00bboff\u00a0\u00bb button_two_text_size__hover_enabled=\u00a0\u00bboff\u00a0\u00bb button_text_color__hover_enabled=\u00a0\u00bboff\u00a0\u00bb button_one_text_color__hover_enabled=\u00a0\u00bboff\u00a0\u00bb button_two_text_color__hover_enabled=\u00a0\u00bboff\u00a0\u00bb button_border_width__hover_enabled=\u00a0\u00bboff\u00a0\u00bb button_one_border_width__hover_enabled=\u00a0\u00bboff\u00a0\u00bb button_two_border_width__hover_enabled=\u00a0\u00bboff\u00a0\u00bb button_border_color__hover_enabled=\u00a0\u00bboff\u00a0\u00bb button_one_border_color__hover_enabled=\u00a0\u00bboff\u00a0\u00bb button_two_border_color__hover_enabled=\u00a0\u00bboff\u00a0\u00bb button_border_radius__hover_enabled=\u00a0\u00bboff\u00a0\u00bb button_one_border_radius__hover_enabled=\u00a0\u00bboff\u00a0\u00bb button_two_border_radius__hover_enabled=\u00a0\u00bboff\u00a0\u00bb button_letter_spacing__hover_enabled=\u00a0\u00bboff\u00a0\u00bb button_one_letter_spacing__hover_enabled=\u00a0\u00bboff\u00a0\u00bb button_two_letter_spacing__hover_enabled=\u00a0\u00bboff\u00a0\u00bb button_bg_color__hover_enabled=\u00a0\u00bboff\u00a0\u00bb button_one_bg_color__hover_enabled=\u00a0\u00bboff\u00a0\u00bb button_two_bg_color__hover_enabled=\u00a0\u00bboff\u00a0\u00bb][\/et_pb_contact_field][et_pb_contact_field field_id=\u00a0\u00bbEmail\u00a0\u00bb field_title=\u00a0\u00bbAdresse e-mail\u00a0\u00bb field_type=\u00a0\u00bbemail\u00a0\u00bb _builder_version=\u00a0\u00bb4.16&Prime; global_colors_info=\u00a0\u00bb{}\u00a0\u00bb button_text_size__hover_enabled=\u00a0\u00bboff\u00a0\u00bb button_one_text_size__hover_enabled=\u00a0\u00bboff\u00a0\u00bb button_two_text_size__hover_enabled=\u00a0\u00bboff\u00a0\u00bb button_text_color__hover_enabled=\u00a0\u00bboff\u00a0\u00bb button_one_text_color__hover_enabled=\u00a0\u00bboff\u00a0\u00bb button_two_text_color__hover_enabled=\u00a0\u00bboff\u00a0\u00bb button_border_width__hover_enabled=\u00a0\u00bboff\u00a0\u00bb button_one_border_width__hover_enabled=\u00a0\u00bboff\u00a0\u00bb button_two_border_width__hover_enabled=\u00a0\u00bboff\u00a0\u00bb button_border_color__hover_enabled=\u00a0\u00bboff\u00a0\u00bb button_one_border_color__hover_enabled=\u00a0\u00bboff\u00a0\u00bb button_two_border_color__hover_enabled=\u00a0\u00bboff\u00a0\u00bb button_border_radius__hover_enabled=\u00a0\u00bboff\u00a0\u00bb button_one_border_radius__hover_enabled=\u00a0\u00bboff\u00a0\u00bb button_two_border_radius__hover_enabled=\u00a0\u00bboff\u00a0\u00bb button_letter_spacing__hover_enabled=\u00a0\u00bboff\u00a0\u00bb button_one_letter_spacing__hover_enabled=\u00a0\u00bboff\u00a0\u00bb button_two_letter_spacing__hover_enabled=\u00a0\u00bboff\u00a0\u00bb button_bg_color__hover_enabled=\u00a0\u00bboff\u00a0\u00bb button_one_bg_color__hover_enabled=\u00a0\u00bboff\u00a0\u00bb button_two_bg_color__hover_enabled=\u00a0\u00bboff\u00a0\u00bb][\/et_pb_contact_field][et_pb_contact_field field_id=\u00a0\u00bbMessage\u00a0\u00bb field_title=\u00a0\u00bbMessage\u00a0\u00bb field_type=\u00a0\u00bbtext\u00a0\u00bb fullwidth_field=\u00a0\u00bbon\u00a0\u00bb _builder_version=\u00a0\u00bb4.16&Prime; global_colors_info=\u00a0\u00bb{}\u00a0\u00bb button_text_size__hover_enabled=\u00a0\u00bboff\u00a0\u00bb button_one_text_size__hover_enabled=\u00a0\u00bboff\u00a0\u00bb button_two_text_size__hover_enabled=\u00a0\u00bboff\u00a0\u00bb button_text_color__hover_enabled=\u00a0\u00bboff\u00a0\u00bb button_one_text_color__hover_enabled=\u00a0\u00bboff\u00a0\u00bb button_two_text_color__hover_enabled=\u00a0\u00bboff\u00a0\u00bb button_border_width__hover_enabled=\u00a0\u00bboff\u00a0\u00bb button_one_border_width__hover_enabled=\u00a0\u00bboff\u00a0\u00bb button_two_border_width__hover_enabled=\u00a0\u00bboff\u00a0\u00bb button_border_color__hover_enabled=\u00a0\u00bboff\u00a0\u00bb button_one_border_color__hover_enabled=\u00a0\u00bboff\u00a0\u00bb button_two_border_color__hover_enabled=\u00a0\u00bboff\u00a0\u00bb button_border_radius__hover_enabled=\u00a0\u00bboff\u00a0\u00bb button_one_border_radius__hover_enabled=\u00a0\u00bboff\u00a0\u00bb button_two_border_radius__hover_enabled=\u00a0\u00bboff\u00a0\u00bb button_letter_spacing__hover_enabled=\u00a0\u00bboff\u00a0\u00bb button_one_letter_spacing__hover_enabled=\u00a0\u00bboff\u00a0\u00bb button_two_letter_spacing__hover_enabled=\u00a0\u00bboff\u00a0\u00bb button_bg_color__hover_enabled=\u00a0\u00bboff\u00a0\u00bb button_one_bg_color__hover_enabled=\u00a0\u00bboff\u00a0\u00bb button_two_bg_color__hover_enabled=\u00a0\u00bboff\u00a0\u00bb][\/et_pb_contact_field][\/et_pb_contact_form][\/et_pb_column][\/et_pb_row][\/et_pb_section][et_pb_section fb_built=\u00a0\u00bb1&Prime; fullwidth=\u00a0\u00bbon\u00a0\u00bb theme_builder_area=\u00a0\u00bbpost_content\u00a0\u00bb _builder_version=\u00a0\u00bb4.27.4&Prime; _module_preset=\u00a0\u00bbdefault\u00a0\u00bb][et_pb_fullwidth_image src=\u00a0\u00bbhttps:\/\/lascommunication.com\/wp-content\/uploads\/2025\/07\/Contact-1.jpg\u00a0\u00bb _builder_version=\u00a0\u00bb4.27.4&Prime; _module_preset=\u00a0\u00bbdefault\u00a0\u00bb theme_builder_area=\u00a0\u00bbpost_content\u00a0\u00bb title_text=\u00a0\u00bbContact\u00a0\u00bb hover_enabled=\u00a0\u00bb0&Prime; sticky_enabled=\u00a0\u00bb0&Prime;][\/et_pb_fullwidth_image][\/et_pb_section]<\/p>\n","protected":false},"excerpt":{"rendered":"<p>Ensemble, cr\u00e9ons votre identit\u00e9 digitale, celle qui vous ressemble vraiment. Contactez-moi d\u00e8s aujourd&rsquo;hui pour donner vie \u00e0 votre pr\u00e9sence en ligne.\u00a0<\/p>\n","protected":false},"author":1,"featured_media":0,"parent":0,"menu_order":0,"comment_status":"closed","ping_status":"closed","template":"","meta":{"_et_pb_use_builder":"on","_et_pb_old_content":"","_et_gb_content_width":"","footnotes":""},"class_list":["post-74","page","type-page","status-publish","hentry"],"yoast_head":"<!-- This site is optimized with the Yoast SEO plugin v25.5 - https:\/\/yoast.com\/wordpress\/plugins\/seo\/ -->\n<title>Contact - lascommunication<\/title>\n<meta name=\"description\" content=\"Contactez moi pour votre projet de cr\u00e9ation de site internet. \u00c9change gratuit et sans engagement. 20 ans d&#039;exp\u00e9rience en accompagnement digital personnalis\u00e9.\" \/>\n<meta name=\"robots\" content=\"index, follow, max-snippet:-1, max-image-preview:large, max-video-preview:-1\" \/>\n<link rel=\"canonical\" href=\"https:\/\/lascommunication.com\/index.php\/contact-creation-site-internet\/\" \/>\n<meta property=\"og:locale\" content=\"fr_FR\" \/>\n<meta property=\"og:type\" content=\"article\" \/>\n<meta property=\"og:title\" content=\"Contactez LAS Communication pour votre projet web\" \/>\n<meta property=\"og:description\" content=\"\u00c9change gratuit avec Agn\u00e8s pour donner vie \u00e0 votre pr\u00e9sence en ligne. 20 ans d&#039;exp\u00e9rience en cr\u00e9ation de sites personnalis\u00e9s.\" \/>\n<meta property=\"og:url\" content=\"https:\/\/lascommunication.com\/index.php\/contact-creation-site-internet\/\" \/>\n<meta property=\"og:site_name\" content=\"lascommunication\" \/>\n<meta property=\"article:modified_time\" content=\"2025-07-26T11:16:34+00:00\" \/>\n<meta name=\"twitter:card\" content=\"summary_large_image\" \/>\n<meta name=\"twitter:label1\" content=\"Dur\u00e9e de lecture estim\u00e9e\" \/>\n\t<meta name=\"twitter:data1\" content=\"1 minute\" \/>\n<script type=\"application\/ld+json\" class=\"yoast-schema-graph\">{\"@context\":\"https:\/\/schema.org\",\"@graph\":[{\"@type\":\"WebPage\",\"@id\":\"https:\/\/lascommunication.com\/index.php\/contact-creation-site-internet\/\",\"url\":\"https:\/\/lascommunication.com\/index.php\/contact-creation-site-internet\/\",\"name\":\"Contact - lascommunication\",\"isPartOf\":{\"@id\":\"https:\/\/lascommunication.com\/#website\"},\"datePublished\":\"2025-07-17T17:58:03+00:00\",\"dateModified\":\"2025-07-26T11:16:34+00:00\",\"description\":\"Contactez moi pour votre projet de cr\u00e9ation de site internet. \u00c9change gratuit et sans engagement. 20 ans d'exp\u00e9rience en accompagnement digital personnalis\u00e9.\",\"breadcrumb\":{\"@id\":\"https:\/\/lascommunication.com\/index.php\/contact-creation-site-internet\/#breadcrumb\"},\"inLanguage\":\"fr-FR\",\"potentialAction\":[{\"@type\":\"ReadAction\",\"target\":[\"https:\/\/lascommunication.com\/index.php\/contact-creation-site-internet\/\"]}]},{\"@type\":\"BreadcrumbList\",\"@id\":\"https:\/\/lascommunication.com\/index.php\/contact-creation-site-internet\/#breadcrumb\",\"itemListElement\":[{\"@type\":\"ListItem\",\"position\":1,\"name\":\"Accueil\",\"item\":\"https:\/\/lascommunication.com\/\"},{\"@type\":\"ListItem\",\"position\":2,\"name\":\"Contact\"}]},{\"@type\":\"WebSite\",\"@id\":\"https:\/\/lascommunication.com\/#website\",\"url\":\"https:\/\/lascommunication.com\/\",\"name\":\"lascommunication\",\"description\":\"\",\"potentialAction\":[{\"@type\":\"SearchAction\",\"target\":{\"@type\":\"EntryPoint\",\"urlTemplate\":\"https:\/\/lascommunication.com\/?s={search_term_string}\"},\"query-input\":{\"@type\":\"PropertyValueSpecification\",\"valueRequired\":true,\"valueName\":\"search_term_string\"}}],\"inLanguage\":\"fr-FR\"}]}<\/script>\n<!-- \/ Yoast SEO plugin. -->","yoast_head_json":{"title":"Contact - lascommunication","description":"Contactez moi pour votre projet de cr\u00e9ation de site internet. \u00c9change gratuit et sans engagement. 20 ans d'exp\u00e9rience en accompagnement digital personnalis\u00e9.","robots":{"index":"index","follow":"follow","max-snippet":"max-snippet:-1","max-image-preview":"max-image-preview:large","max-video-preview":"max-video-preview:-1"},"canonical":"https:\/\/lascommunication.com\/index.php\/contact-creation-site-internet\/","og_locale":"fr_FR","og_type":"article","og_title":"Contactez LAS Communication pour votre projet web","og_description":"\u00c9change gratuit avec Agn\u00e8s pour donner vie \u00e0 votre pr\u00e9sence en ligne. 20 ans d'exp\u00e9rience en cr\u00e9ation de sites personnalis\u00e9s.","og_url":"https:\/\/lascommunication.com\/index.php\/contact-creation-site-internet\/","og_site_name":"lascommunication","article_modified_time":"2025-07-26T11:16:34+00:00","twitter_card":"summary_large_image","twitter_misc":{"Dur\u00e9e de lecture estim\u00e9e":"1 minute"},"schema":{"@context":"https:\/\/schema.org","@graph":[{"@type":"WebPage","@id":"https:\/\/lascommunication.com\/index.php\/contact-creation-site-internet\/","url":"https:\/\/lascommunication.com\/index.php\/contact-creation-site-internet\/","name":"Contact - lascommunication","isPartOf":{"@id":"https:\/\/lascommunication.com\/#website"},"datePublished":"2025-07-17T17:58:03+00:00","dateModified":"2025-07-26T11:16:34+00:00","description":"Contactez moi pour votre projet de cr\u00e9ation de site internet. \u00c9change gratuit et sans engagement. 20 ans d'exp\u00e9rience en accompagnement digital personnalis\u00e9.","breadcrumb":{"@id":"https:\/\/lascommunication.com\/index.php\/contact-creation-site-internet\/#breadcrumb"},"inLanguage":"fr-FR","potentialAction":[{"@type":"ReadAction","target":["https:\/\/lascommunication.com\/index.php\/contact-creation-site-internet\/"]}]},{"@type":"BreadcrumbList","@id":"https:\/\/lascommunication.com\/index.php\/contact-creation-site-internet\/#breadcrumb","itemListElement":[{"@type":"ListItem","position":1,"name":"Accueil","item":"https:\/\/lascommunication.com\/"},{"@type":"ListItem","position":2,"name":"Contact"}]},{"@type":"WebSite","@id":"https:\/\/lascommunication.com\/#website","url":"https:\/\/lascommunication.com\/","name":"lascommunication","description":"","potentialAction":[{"@type":"SearchAction","target":{"@type":"EntryPoint","urlTemplate":"https:\/\/lascommunication.com\/?s={search_term_string}"},"query-input":{"@type":"PropertyValueSpecification","valueRequired":true,"valueName":"search_term_string"}}],"inLanguage":"fr-FR"}]}},"_links":{"self":[{"href":"https:\/\/lascommunication.com\/index.php\/wp-json\/wp\/v2\/pages\/74","targetHints":{"allow":["GET"]}}],"collection":[{"href":"https:\/\/lascommunication.com\/index.php\/wp-json\/wp\/v2\/pages"}],"about":[{"href":"https:\/\/lascommunication.com\/index.php\/wp-json\/wp\/v2\/types\/page"}],"author":[{"embeddable":true,"href":"https:\/\/lascommunication.com\/index.php\/wp-json\/wp\/v2\/users\/1"}],"replies":[{"embeddable":true,"href":"https:\/\/lascommunication.com\/index.php\/wp-json\/wp\/v2\/comments?post=74"}],"version-history":[{"count":10,"href":"https:\/\/lascommunication.com\/index.php\/wp-json\/wp\/v2\/pages\/74\/revisions"}],"predecessor-version":[{"id":155,"href":"https:\/\/lascommunication.com\/index.php\/wp-json\/wp\/v2\/pages\/74\/revisions\/155"}],"wp:attachment":[{"href":"https:\/\/lascommunication.com\/index.php\/wp-json\/wp\/v2\/media?parent=74"}],"curies":[{"name":"wp","href":"https:\/\/api.w.org\/{rel}","templated":true}]}}